{"id":545,"date":"2021-12-21T07:18:00","date_gmt":"2021-12-21T07:18:00","guid":{"rendered":"https:\/\/themesflat.com\/carenowwp\/?page_id=545"},"modified":"2024-04-25T12:30:55","modified_gmt":"2024-04-25T12:30:55","slug":"teadent-tim","status":"publish","type":"page","link":"http:\/\/teadentprijedor.com\/ba\/teadent-tim\/","title":{"rendered":"TeaDent Tim"},"content":{"rendered":"<div data-elementor-type=\"wp-page\" data-elementor-id=\"545\" class=\"elementor elementor-545\" data-elementor-post-type=\"page\">\n\t\t\t\t<div class=\"elementor-element elementor-element-46e8d24 e-flex e-con-boxed e-con e-parent\" data-id=\"46e8d24\" data-element_type=\"container\" data-e-type=\"container\">\n\t\t\t\t\t<div class=\"e-con-inner\">\n\t\t\t\t<div class=\"elementor-element elementor-element-50c32ef elementor-widget elementor-widget-heading\" data-id=\"50c32ef\" data-element_type=\"widget\" data-e-type=\"widget\" data-widget_type=\"heading.default\">\n\t\t\t\t<div class=\"elementor-widget-container\">\n\t\t\t\t\t<h2 class=\"elementor-heading-title elementor-size-default\">TeaDent Tim<\/h2>\t\t\t\t<\/div>\n\t\t\t\t<\/div>\n\t\t\t\t\t<\/div>\n\t\t\t\t<\/div>\n\t\t\t\t<section class=\"elementor-section elementor-top-section elementor-element elementor-element-cc89021 elementor-section-boxed elementor-section-height-default elementor-section-height-default\" data-id=\"cc89021\" data-element_type=\"section\" data-e-type=\"section\">\n\t\t\t\t\t\t<div class=\"elementor-container elementor-column-gap-extended\">\n\t\t\t\t\t<div class=\"elementor-column elementor-col-100 elementor-top-column elementor-element elementor-element-b3ecafd\" data-id=\"b3ecafd\" data-element_type=\"column\" data-e-type=\"column\">\n\t\t\t<div class=\"elementor-widget-wrap elementor-element-populated\">\n\t\t\t\t\t\t<div class=\"elementor-element elementor-element-a2aaedb elementor-widget elementor-widget-tf-doctor\" data-id=\"a2aaedb\" data-element_type=\"widget\" data-e-type=\"widget\" data-widget_type=\"tf-doctor.default\">\n\t\t\t\t<div class=\"elementor-widget-container\">\n\t\t\t\t\t\t\t<div id=\"tf-doctor-a2aaedb\" class=\"tf-doctor-wrap themesflat-doctor-taxonomy style1\" data-tabid=\"a2aaedb\">\n\t\t\t<div class=\"wrap-doctor-post row column-3\">\n\n\t\t\t\t\n\t\t\t\t\t\t\t\t\t<div class=\"item\">\t\r\n\t\t\t\r\n    <div class=\"doctor-post doctor-post-880 hide-social-inner no-social\">\r\n    \t                <div class=\"featured-post\">\r\n            <a href=\"http:\/\/teadentprijedor.com\/ba\/doctor\/ozren-pacariz\/\">\r\n            <img decoding=\"async\" src=\"http:\/\/teadentprijedor.com\/wp-content\/uploads\/2021\/12\/Ozren-vel.jpg\" alt=\"image\">            <\/a>\r\n        <\/div>\r\n            \t        <div class=\"content\"> \r\n                        <h2 class=\"title\">\r\n                <a href=\"http:\/\/teadentprijedor.com\/ba\/doctor\/ozren-pacariz\/\">Ozren Pa\u010dariz<\/a>\r\n            <\/h2>\r\n            \r\n                                    <div class=\"position\">Zubni tehni\u010dar<\/div>\r\n             \r\n                                <\/div>\r\n    <\/div>\r\n<\/div>\t\t\t\t\t\t\t\t\t<div class=\"item\">\t\r\n\t\t\t\r\n    <div class=\"doctor-post doctor-post-872 hide-social-inner no-social\">\r\n    \t                <div class=\"featured-post\">\r\n            <a href=\"http:\/\/teadentprijedor.com\/ba\/doctor\/jonathan-gomez\/\">\r\n            <img decoding=\"async\" src=\"http:\/\/teadentprijedor.com\/wp-content\/uploads\/2021\/12\/sandra-vel.jpg\" alt=\"image\">            <\/a>\r\n        <\/div>\r\n            \t        <div class=\"content\"> \r\n                        <h2 class=\"title\">\r\n                <a href=\"http:\/\/teadentprijedor.com\/ba\/doctor\/jonathan-gomez\/\">Aleksandra Orli\u0107-Pa\u010dariz<\/a>\r\n            <\/h2>\r\n            \r\n                                    <div class=\"position\">dr.stomatologije i spec.oralne hirurgije<\/div>\r\n             \r\n                                <\/div>\r\n    <\/div>\r\n<\/div>\t\t\t\t\t\t\t\t\t<div class=\"item\">\t\r\n\t\t\t\r\n    <div class=\"doctor-post doctor-post-870 hide-social-inner no-social\">\r\n    \t                <div class=\"featured-post\">\r\n            <a href=\"http:\/\/teadentprijedor.com\/ba\/doctor\/jelena-rosic-2\/\">\r\n            <img decoding=\"async\" src=\"http:\/\/teadentprijedor.com\/wp-content\/uploads\/2021\/12\/3-vel.jpg\" alt=\"image\">            <\/a>\r\n        <\/div>\r\n            \t        <div class=\"content\"> \r\n                        <h2 class=\"title\">\r\n                <a href=\"http:\/\/teadentprijedor.com\/ba\/doctor\/jelena-rosic-2\/\">Jelena Rosi\u0107<\/a>\r\n            <\/h2>\r\n            \r\n                                    <div class=\"position\">Stomatolo\u0161ki asistent<\/div>\r\n             \r\n                                <\/div>\r\n    <\/div>\r\n<\/div>\t\t\t\t\t\t\t\t\t<div class=\"item\">\t\r\n\t\t\t\r\n    <div class=\"doctor-post doctor-post-859 hide-social-inner no-social\">\r\n    \t                <div class=\"featured-post\">\r\n            <a href=\"http:\/\/teadentprijedor.com\/ba\/doctor\/svjetlana-orlic\/\">\r\n            <img decoding=\"async\" src=\"http:\/\/teadentprijedor.com\/wp-content\/uploads\/2021\/12\/1-vel.jpg\" alt=\"image\">            <\/a>\r\n        <\/div>\r\n            \t        <div class=\"content\"> \r\n                        <h2 class=\"title\">\r\n                <a href=\"http:\/\/teadentprijedor.com\/ba\/doctor\/svjetlana-orlic\/\">Svjetlana Orli\u0107<\/a>\r\n            <\/h2>\r\n            \r\n                                    <div class=\"position\">Stomatolo\u0161ki asistent<\/div>\r\n             \r\n                                <\/div>\r\n    <\/div>\r\n<\/div>\t\t\t\t\t\t\t\t\t<div class=\"item\">\t\r\n\t\t\t\r\n    <div class=\"doctor-post doctor-post-854 hide-social-inner no-social\">\r\n    \t                <div class=\"featured-post\">\r\n            <a href=\"http:\/\/teadentprijedor.com\/ba\/doctor\/mileva-topic\/\">\r\n            <img decoding=\"async\" src=\"http:\/\/teadentprijedor.com\/wp-content\/uploads\/2021\/12\/2-vel.jpg\" alt=\"image\">            <\/a>\r\n        <\/div>\r\n            \t        <div class=\"content\"> \r\n                        <h2 class=\"title\">\r\n                <a href=\"http:\/\/teadentprijedor.com\/ba\/doctor\/mileva-topic\/\">Mileva Topi\u0107<\/a>\r\n            <\/h2>\r\n            \r\n                                    <div class=\"position\">dr.stomatologije<\/div>\r\n             \r\n                                <\/div>\r\n    <\/div>\r\n<\/div>\t\t\t\t\n\t\t\t\t\n\t\t\t\t\t\t\t<\/div>\n\t\t<\/div>\n\t\t\t\t\t\t<\/div>\n\t\t\t\t<\/div>\n\t\t\t\t\t<\/div>\n\t\t<\/div>\n\t\t\t\t\t<\/div>\n\t\t<\/section>\n\t\t\t\t<\/div>","protected":false},"excerpt":{"rendered":"<p>TeaDent Tim Ozren Pa\u010dariz Zubni tehni\u010dar Aleksandra Orli\u0107-Pa\u010dariz dr.stomatologije i spec.oralne hirurgije Jelena Rosi\u0107 Stomatolo\u0161ki asistent Svjetlana Orli\u0107 Stomatolo\u0161ki asistent Du\u0161anka Topi\u0107 dr.stomatologije<\/p>","protected":false},"author":2,"featured_media":0,"parent":0,"menu_order":0,"comment_status":"closed","ping_status":"closed","template":"elementor_header_footer","meta":{"footnotes":""},"class_list":["post-545","page","type-page","status-publish","hentry"],"_links":{"self":[{"href":"http:\/\/teadentprijedor.com\/ba\/wp-json\/wp\/v2\/pages\/545","targetHints":{"allow":["GET"]}}],"collection":[{"href":"http:\/\/teadentprijedor.com\/ba\/wp-json\/wp\/v2\/pages"}],"about":[{"href":"http:\/\/teadentprijedor.com\/ba\/wp-json\/wp\/v2\/types\/page"}],"author":[{"embeddable":true,"href":"http:\/\/teadentprijedor.com\/ba\/wp-json\/wp\/v2\/users\/2"}],"replies":[{"embeddable":true,"href":"http:\/\/teadentprijedor.com\/ba\/wp-json\/wp\/v2\/comments?post=545"}],"version-history":[{"count":15,"href":"http:\/\/teadentprijedor.com\/ba\/wp-json\/wp\/v2\/pages\/545\/revisions"}],"predecessor-version":[{"id":5853,"href":"http:\/\/teadentprijedor.com\/ba\/wp-json\/wp\/v2\/pages\/545\/revisions\/5853"}],"wp:attachment":[{"href":"http:\/\/teadentprijedor.com\/ba\/wp-json\/wp\/v2\/media?parent=545"}],"curies":[{"name":"wp","href":"https:\/\/api.w.org\/{rel}","templated":true}]}}